{"id":923,"date":"2019-04-24T10:50:03","date_gmt":"2019-04-24T08:50:03","guid":{"rendered":"http:\/\/habc.it\/habc-content\/"},"modified":"2022-10-04T09:04:29","modified_gmt":"2022-10-04T07:04:29","slug":"habc-move-into-horeca","status":"publish","type":"page","link":"https:\/\/habc.it\/de\/","title":{"rendered":"H.ABC Move into HORECA | Deutsch"},"content":{"rendered":"\n<div style=\"text-align:center\" id=\"g-antibacterial-text\"><p class=\"g-paragraph hidescroll\">Als richtiger Schutz gegen Bakterien konzipiert,<br>minimiert H.ABC\u00ae das Risiko der Kontamination,<br>verhindert das Wachstum und die Vermehrung von Mikroorganismen und<br>begrenzt den Transport zwischen den verschiedenen Abteilungen.<\/p><\/div>\n\n\n\n<div class=\"wp-block-columns has-3-columns is-layout-flex wp-container-core-columns-is-layout-9d6595d7 wp-block-columns-is-layout-flex\">\n<div class=\"wp-block-column is-layout-flow wp-block-column-is-layout-flow\">\n<div id=\"g-sectors\" class=\"g-column food\"> <img decoding=\"async\" src=\"\/wp-content\/uploads\/2019\/04\/column-food-3.png\"><\/div>\n<\/div>\n\n\n\n<div class=\"wp-block-column is-layout-flow wp-block-column-is-layout-flow\">\n<div class=\"g-column health\"> <img decoding=\"async\" src=\"\/wp-content\/uploads\/2019\/04\/column-health-2.png\"><\/div>\n<\/div>\n\n\n\n<div class=\"wp-block-column is-layout-flow wp-block-column-is-layout-flow\">\n<div class=\"g-column hotel\"> <img decoding=\"async\" src=\"\/wp-content\/uploads\/2019\/04\/column-hotel-2.png\"><\/div>\n<\/div>\n<\/div>\n\n\n\n<div style=\"text-align:center\" id=\"g-habcstyle\"><h2 class=\"hidescroll\">H.ABC: ansprechendes Design, unvergleichliche Vorteile.<\/h2><img decoding=\"async\" id=\"habc-logo\" class=\"hidescroll\" src=\"\/wp-content\/uploads\/2019\/11\/marchio-habc-2m-1.png\"><p class=\"g-paragraph hidescroll\">Die Familie der Sixton Peak\u00ae H.ABC-Sicherheitsschuhe ist reich an Modellvielfalt und ist durch ein sorgf\u00e4ltiges Design charakterisiert, wobei nat\u00fcrlich stets die gro\u00dfen Traditionen von Made in Italy ber\u00fccksichtigt werden.<\/p><p class=\"g-paragraph hidescroll\">Dieses neue Projekt wurde konzipieret, um ein Produkt f\u00fcr die verschiedene Arbeitsumgebungen \u2013 wie z.B. HoReCa &#8211; speziell zu entwickeln. Die Produkte der traditionelle Angebot der Sixton Peak\u00ae sind schon bekannt f\u00fcr das herausragende Design der Modelle und modernster Technologien, Materialinnovation und neueste Generation von Mikrofasern, aber Sixton Peak\u00ae H.ABC-Schuhe charakterisieren sich auch durch Komponenten, die durch Behandlungen ausgew\u00e4hlt und getestet wurden, um au\u00dfergew\u00f6hnliche Leistung in Bezug auf Rutschfestigkeit und Stabilit\u00e4t, Wohlbefinden und Fu\u00dfsicherheit zu gew\u00e4hrleisten.<\/p><img decoding=\"async\" id=\"product-icons\" class=\"hidescroll\" src=\"\/wp-content\/uploads\/2019\/04\/scarpe-icone-m.png\"><\/div>\n\n\n\n<div id=\"g-habcdownload\"><div class=\"download-wrapper\"><h2>Downloads<\/h2><\/div><div class=\"download-container\"><div class=\"download-wrapper content-left\"><a href=\"\/wp-content\/uploads\/2019\/05\/Redazionale-Febbraio-DE.pdf\">Redaktionell 2019<\/a><\/div><div class=\"download-wrapper content-right\">PDF Version &#8211; 1,4 MB<\/div><\/div><hr><\/div>\n","protected":false},"excerpt":{"rendered":"<p>Als richtiger Schutz gegen Bakterien konzipiert,minimiert H.ABC\u00ae das Risiko der Kontamination,verhindert das Wachstum und die Vermehrung von Mikroorganismen undbegrenzt den Transport zwischen den verschiedenen Abteilungen. H.ABC: ansprechendes Design, unvergleichliche Vorteile. Die Familie der Sixton Peak\u00ae H.ABC-Sicherheitsschuhe ist reich an Modellvielfalt und ist durch ein sorgf\u00e4ltiges Design charakterisiert, wobei nat\u00fcrlich stets die gro\u00dfen Traditionen von Made [&hellip;]<\/p>\n","protected":false},"author":1,"featured_media":0,"parent":0,"menu_order":0,"comment_status":"closed","ping_status":"closed","template":"","meta":{"footnotes":""},"class_list":["post-923","page","type-page","status-publish","hentry"],"yoast_head":"<!-- This site is optimized with the Yoast SEO plugin v25.9 - https:\/\/yoast.com\/wordpress\/plugins\/seo\/ -->\n<title>H.ABC Move into HORECA | Deutsch - Antibakterielle Schuhe H.ABC bt Sixton Maspica<\/title>\n<meta name=\"robots\" content=\"index, follow, max-snippet:-1, max-image-preview:large, max-video-preview:-1\" \/>\n<link rel=\"canonical\" href=\"https:\/\/habc.it\/de\/\" \/>\n<meta property=\"og:locale\" content=\"de_DE\" \/>\n<meta property=\"og:type\" content=\"article\" \/>\n<meta property=\"og:title\" content=\"H.ABC Move into HORECA | Deutsch - Antibakterielle Schuhe H.ABC bt Sixton Maspica\" \/>\n<meta property=\"og:description\" content=\"Als richtiger Schutz gegen Bakterien konzipiert,minimiert H.ABC\u00ae das Risiko der Kontamination,verhindert das Wachstum und die Vermehrung von Mikroorganismen undbegrenzt den Transport zwischen den verschiedenen Abteilungen. H.ABC: ansprechendes Design, unvergleichliche Vorteile. Die Familie der Sixton Peak\u00ae H.ABC-Sicherheitsschuhe ist reich an Modellvielfalt und ist durch ein sorgf\u00e4ltiges Design charakterisiert, wobei nat\u00fcrlich stets die gro\u00dfen Traditionen von Made [&hellip;]\" \/>\n<meta property=\"og:url\" content=\"https:\/\/habc.it\/de\/\" \/>\n<meta property=\"og:site_name\" content=\"Antibakterielle Schuhe H.ABC bt Sixton Maspica\" \/>\n<meta property=\"article:modified_time\" content=\"2022-10-04T07:04:29+00:00\" \/>\n<meta name=\"twitter:card\" content=\"summary_large_image\" \/>\n<meta name=\"twitter:label1\" content=\"Gesch\u00e4tzte Lesezeit\" \/>\n\t<meta name=\"twitter:data1\" content=\"1\u00a0Minute\" \/>\n<script type=\"application\/ld+json\" class=\"yoast-schema-graph\">{\"@context\":\"https:\/\/schema.org\",\"@graph\":[{\"@type\":\"WebPage\",\"@id\":\"https:\/\/habc.it\/de\/\",\"url\":\"https:\/\/habc.it\/de\/\",\"name\":\"H.ABC Move into HORECA | Deutsch - Antibakterielle Schuhe H.ABC bt Sixton Maspica\",\"isPartOf\":{\"@id\":\"https:\/\/habc.it\/de\/#website\"},\"datePublished\":\"2019-04-24T08:50:03+00:00\",\"dateModified\":\"2022-10-04T07:04:29+00:00\",\"breadcrumb\":{\"@id\":\"https:\/\/habc.it\/de\/#breadcrumb\"},\"inLanguage\":\"de\",\"potentialAction\":[{\"@type\":\"ReadAction\",\"target\":[\"https:\/\/habc.it\/de\/\"]}]},{\"@type\":\"BreadcrumbList\",\"@id\":\"https:\/\/habc.it\/de\/#breadcrumb\",\"itemListElement\":[{\"@type\":\"ListItem\",\"position\":1,\"name\":\"Home\",\"item\":\"https:\/\/habc.it\/de\/\"},{\"@type\":\"ListItem\",\"position\":2,\"name\":\"H.ABC Move into HORECA | Deutsch\"}]},{\"@type\":\"WebSite\",\"@id\":\"https:\/\/habc.it\/de\/#website\",\"url\":\"https:\/\/habc.it\/de\/\",\"name\":\"Antibakterielle Schuhe H.ABC bt Sixton Maspica\",\"description\":\"H.ABC Move into HORECA\",\"potentialAction\":[{\"@type\":\"SearchAction\",\"target\":{\"@type\":\"EntryPoint\",\"urlTemplate\":\"https:\/\/habc.it\/de\/?s={search_term_string}\"},\"query-input\":{\"@type\":\"PropertyValueSpecification\",\"valueRequired\":true,\"valueName\":\"search_term_string\"}}],\"inLanguage\":\"de\"}]}<\/script>\n<!-- \/ Yoast SEO plugin. -->","yoast_head_json":{"title":"H.ABC Move into HORECA | Deutsch - Antibakterielle Schuhe H.ABC bt Sixton Maspica","robots":{"index":"index","follow":"follow","max-snippet":"max-snippet:-1","max-image-preview":"max-image-preview:large","max-video-preview":"max-video-preview:-1"},"canonical":"https:\/\/habc.it\/de\/","og_locale":"de_DE","og_type":"article","og_title":"H.ABC Move into HORECA | Deutsch - Antibakterielle Schuhe H.ABC bt Sixton Maspica","og_description":"Als richtiger Schutz gegen Bakterien konzipiert,minimiert H.ABC\u00ae das Risiko der Kontamination,verhindert das Wachstum und die Vermehrung von Mikroorganismen undbegrenzt den Transport zwischen den verschiedenen Abteilungen. H.ABC: ansprechendes Design, unvergleichliche Vorteile. Die Familie der Sixton Peak\u00ae H.ABC-Sicherheitsschuhe ist reich an Modellvielfalt und ist durch ein sorgf\u00e4ltiges Design charakterisiert, wobei nat\u00fcrlich stets die gro\u00dfen Traditionen von Made [&hellip;]","og_url":"https:\/\/habc.it\/de\/","og_site_name":"Antibakterielle Schuhe H.ABC bt Sixton Maspica","article_modified_time":"2022-10-04T07:04:29+00:00","twitter_card":"summary_large_image","twitter_misc":{"Gesch\u00e4tzte Lesezeit":"1\u00a0Minute"},"schema":{"@context":"https:\/\/schema.org","@graph":[{"@type":"WebPage","@id":"https:\/\/habc.it\/de\/","url":"https:\/\/habc.it\/de\/","name":"H.ABC Move into HORECA | Deutsch - Antibakterielle Schuhe H.ABC bt Sixton Maspica","isPartOf":{"@id":"https:\/\/habc.it\/de\/#website"},"datePublished":"2019-04-24T08:50:03+00:00","dateModified":"2022-10-04T07:04:29+00:00","breadcrumb":{"@id":"https:\/\/habc.it\/de\/#breadcrumb"},"inLanguage":"de","potentialAction":[{"@type":"ReadAction","target":["https:\/\/habc.it\/de\/"]}]},{"@type":"BreadcrumbList","@id":"https:\/\/habc.it\/de\/#breadcrumb","itemListElement":[{"@type":"ListItem","position":1,"name":"Home","item":"https:\/\/habc.it\/de\/"},{"@type":"ListItem","position":2,"name":"H.ABC Move into HORECA | Deutsch"}]},{"@type":"WebSite","@id":"https:\/\/habc.it\/de\/#website","url":"https:\/\/habc.it\/de\/","name":"Antibakterielle Schuhe H.ABC bt Sixton Maspica","description":"H.ABC Move into HORECA","potentialAction":[{"@type":"SearchAction","target":{"@type":"EntryPoint","urlTemplate":"https:\/\/habc.it\/de\/?s={search_term_string}"},"query-input":{"@type":"PropertyValueSpecification","valueRequired":true,"valueName":"search_term_string"}}],"inLanguage":"de"}]}},"_links":{"self":[{"href":"https:\/\/habc.it\/de\/wp-json\/wp\/v2\/pages\/923","targetHints":{"allow":["GET"]}}],"collection":[{"href":"https:\/\/habc.it\/de\/wp-json\/wp\/v2\/pages"}],"about":[{"href":"https:\/\/habc.it\/de\/wp-json\/wp\/v2\/types\/page"}],"author":[{"embeddable":true,"href":"https:\/\/habc.it\/de\/wp-json\/wp\/v2\/users\/1"}],"replies":[{"embeddable":true,"href":"https:\/\/habc.it\/de\/wp-json\/wp\/v2\/comments?post=923"}],"version-history":[{"count":2,"href":"https:\/\/habc.it\/de\/wp-json\/wp\/v2\/pages\/923\/revisions"}],"predecessor-version":[{"id":1780,"href":"https:\/\/habc.it\/de\/wp-json\/wp\/v2\/pages\/923\/revisions\/1780"}],"wp:attachment":[{"href":"https:\/\/habc.it\/de\/wp-json\/wp\/v2\/media?parent=923"}],"curies":[{"name":"wp","href":"https:\/\/api.w.org\/{rel}","templated":true}]}}