{"id":927,"date":"2019-04-24T10:50:03","date_gmt":"2019-04-24T08:50:03","guid":{"rendered":"http:\/\/habc.it\/habc-content\/"},"modified":"2022-10-04T09:04:41","modified_gmt":"2022-10-04T07:04:41","slug":"habc-move-into-horeca","status":"publish","type":"page","link":"https:\/\/habc.it\/fr\/","title":{"rendered":"H.ABC Move into HORECA | Fran\u00e7ais"},"content":{"rendered":"\n<div style=\"text-align:center\" id=\"g-antibacterial-text\"><p class=\"g-paragraph hidescroll\">Con\u00e7ue comme un v\u00e9ritable bouclier contre les bact\u00e9ries, H.ABC\u00ae<br> minimise le risque d\u2019\u00eatre porteur de contamination,<br>en emp\u00eachant la croissance et la reproduction de micro-organismes,<br>en limitant les transports entre les diff\u00e9rents d\u00e9partements.<\/p><\/div>\n\n\n\n<div class=\"wp-block-columns has-3-columns is-layout-flex wp-container-core-columns-is-layout-9d6595d7 wp-block-columns-is-layout-flex\">\n<div class=\"wp-block-column is-layout-flow wp-block-column-is-layout-flow\">\n<div id=\"g-sectors\" class=\"g-column food\"> <img decoding=\"async\" src=\"\/wp-content\/uploads\/2019\/04\/column-food-3.png\"><\/div>\n<\/div>\n\n\n\n<div class=\"wp-block-column is-layout-flow wp-block-column-is-layout-flow\">\n<div class=\"g-column health\"> <img decoding=\"async\" src=\"\/wp-content\/uploads\/2019\/04\/column-health-2.png\"><\/div>\n<\/div>\n\n\n\n<div class=\"wp-block-column is-layout-flow wp-block-column-is-layout-flow\">\n<div class=\"g-column hotel\"> <img decoding=\"async\" src=\"\/wp-content\/uploads\/2019\/04\/column-hotel-2.png\"><\/div>\n<\/div>\n<\/div>\n\n\n\n<div style=\"text-align:center\" id=\"g-habcstyle\"><h2 class=\"hidescroll\">H.ABC: style impeccable, avantages incomparables.<\/h2><img decoding=\"async\" id=\"habc-logo\" class=\"hidescroll\" src=\"\/wp-content\/uploads\/2019\/11\/marchio-habc-2m-1.png\"><p class=\"g-paragraph hidescroll\">La famille des chaussures de s\u00e9curit\u00e9 Sixton Peak\u00ae H.ABC est riche en vari\u00e9t\u00e9 de mod\u00e8les et caract\u00e9ris\u00e9e par un design agr\u00e9able, toujours dans le respect des grandes traditions du Made in Italy.<\/p><p class=\"g-paragraph hidescroll\">Ce nouveau projet de Maspica SpA a \u00e9t\u00e9 cr\u00e9\u00e9 pour un produit de plus en plus adapt\u00e9 aux divers environnements de travail, tels que Ho.Re.Ca, ajoutant au soin traditionnel des produits Sixton Peak\u00ae une conception ad\u00e9quate des mod\u00e8les, des technologies de pointe, des innovations de mat\u00e9riaux et microfibres de derni\u00e8re g\u00e9n\u00e9ration: des composants s\u00e9lectionn\u00e9s et test\u00e9s selon des traitements con\u00e7us pour assurer des performances extraordinaires en termes de grip et de stabilit\u00e9, de bien-\u00eatre et de s\u00e9curit\u00e9 des pieds.<\/p><img decoding=\"async\" id=\"product-icons\" class=\"hidescroll\" src=\"\/wp-content\/uploads\/2019\/04\/scarpe-icone-m.png\"><\/div>\n\n\n\n<div id=\"g-habcdownload\"><div class=\"download-wrapper\"><h2>Downloads<\/h2><\/div><div class=\"download-container\"><div class=\"download-wrapper content-left\"><a href=\"\/wp-content\/uploads\/2019\/05\/Redazionale-Febbraio-FR.pdf\">R\u00e9dactionnel 2019<\/a><\/div><div class=\"download-wrapper content-right\">PDF Version &#8211; 1,4 MB<\/div><\/div><hr><\/div>\n","protected":false},"excerpt":{"rendered":"<p>Con\u00e7ue comme un v\u00e9ritable bouclier contre les bact\u00e9ries, H.ABC\u00ae minimise le risque d\u2019\u00eatre porteur de contamination,en emp\u00eachant la croissance et la reproduction de micro-organismes,en limitant les transports entre les diff\u00e9rents d\u00e9partements. H.ABC: style impeccable, avantages incomparables. La famille des chaussures de s\u00e9curit\u00e9 Sixton Peak\u00ae H.ABC est riche en vari\u00e9t\u00e9 de mod\u00e8les et caract\u00e9ris\u00e9e par un [&hellip;]<\/p>\n","protected":false},"author":1,"featured_media":0,"parent":0,"menu_order":0,"comment_status":"closed","ping_status":"closed","template":"","meta":{"footnotes":""},"class_list":["post-927","page","type-page","status-publish","hentry"],"yoast_head":"<!-- This site is optimized with the Yoast SEO plugin v25.9 - https:\/\/yoast.com\/wordpress\/plugins\/seo\/ -->\n<title>H.ABC Move into HORECA | Fran\u00e7ais - Chaussures Antibact\u00e9riennes H.ABC by Sixton Maspica<\/title>\n<meta name=\"robots\" content=\"index, follow, max-snippet:-1, max-image-preview:large, max-video-preview:-1\" \/>\n<link rel=\"canonical\" href=\"https:\/\/habc.it\/fr\/\" \/>\n<meta property=\"og:locale\" content=\"fr_FR\" \/>\n<meta property=\"og:type\" content=\"article\" \/>\n<meta property=\"og:title\" content=\"H.ABC Move into HORECA | Fran\u00e7ais - Chaussures Antibact\u00e9riennes H.ABC by Sixton Maspica\" \/>\n<meta property=\"og:description\" content=\"Con\u00e7ue comme un v\u00e9ritable bouclier contre les bact\u00e9ries, H.ABC\u00ae minimise le risque d\u2019\u00eatre porteur de contamination,en emp\u00eachant la croissance et la reproduction de micro-organismes,en limitant les transports entre les diff\u00e9rents d\u00e9partements. H.ABC: style impeccable, avantages incomparables. La famille des chaussures de s\u00e9curit\u00e9 Sixton Peak\u00ae H.ABC est riche en vari\u00e9t\u00e9 de mod\u00e8les et caract\u00e9ris\u00e9e par un [&hellip;]\" \/>\n<meta property=\"og:url\" content=\"https:\/\/habc.it\/fr\/\" \/>\n<meta property=\"og:site_name\" content=\"Chaussures Antibact\u00e9riennes H.ABC by Sixton Maspica\" \/>\n<meta property=\"article:modified_time\" content=\"2022-10-04T07:04:41+00:00\" \/>\n<meta name=\"twitter:card\" content=\"summary_large_image\" \/>\n<meta name=\"twitter:label1\" content=\"Dur\u00e9e de lecture estim\u00e9e\" \/>\n\t<meta name=\"twitter:data1\" content=\"1 minute\" \/>\n<script type=\"application\/ld+json\" class=\"yoast-schema-graph\">{\"@context\":\"https:\/\/schema.org\",\"@graph\":[{\"@type\":\"WebPage\",\"@id\":\"https:\/\/habc.it\/fr\/\",\"url\":\"https:\/\/habc.it\/fr\/\",\"name\":\"H.ABC Move into HORECA | Fran\u00e7ais - Chaussures Antibact\u00e9riennes H.ABC by Sixton Maspica\",\"isPartOf\":{\"@id\":\"https:\/\/habc.it\/fr\/#website\"},\"datePublished\":\"2019-04-24T08:50:03+00:00\",\"dateModified\":\"2022-10-04T07:04:41+00:00\",\"breadcrumb\":{\"@id\":\"https:\/\/habc.it\/fr\/#breadcrumb\"},\"inLanguage\":\"fr-FR\",\"potentialAction\":[{\"@type\":\"ReadAction\",\"target\":[\"https:\/\/habc.it\/fr\/\"]}]},{\"@type\":\"BreadcrumbList\",\"@id\":\"https:\/\/habc.it\/fr\/#breadcrumb\",\"itemListElement\":[{\"@type\":\"ListItem\",\"position\":1,\"name\":\"Home\",\"item\":\"https:\/\/habc.it\/fr\/\"},{\"@type\":\"ListItem\",\"position\":2,\"name\":\"H.ABC Move into HORECA | Fran\u00e7ais\"}]},{\"@type\":\"WebSite\",\"@id\":\"https:\/\/habc.it\/fr\/#website\",\"url\":\"https:\/\/habc.it\/fr\/\",\"name\":\"Chaussures Antibact\u00e9riennes H.ABC by Sixton Maspica\",\"description\":\"H.ABC Move into HORECA\",\"potentialAction\":[{\"@type\":\"SearchAction\",\"target\":{\"@type\":\"EntryPoint\",\"urlTemplate\":\"https:\/\/habc.it\/fr\/?s={search_term_string}\"},\"query-input\":{\"@type\":\"PropertyValueSpecification\",\"valueRequired\":true,\"valueName\":\"search_term_string\"}}],\"inLanguage\":\"fr-FR\"}]}<\/script>\n<!-- \/ Yoast SEO plugin. -->","yoast_head_json":{"title":"H.ABC Move into HORECA | Fran\u00e7ais - Chaussures Antibact\u00e9riennes H.ABC by Sixton Maspica","robots":{"index":"index","follow":"follow","max-snippet":"max-snippet:-1","max-image-preview":"max-image-preview:large","max-video-preview":"max-video-preview:-1"},"canonical":"https:\/\/habc.it\/fr\/","og_locale":"fr_FR","og_type":"article","og_title":"H.ABC Move into HORECA | Fran\u00e7ais - Chaussures Antibact\u00e9riennes H.ABC by Sixton Maspica","og_description":"Con\u00e7ue comme un v\u00e9ritable bouclier contre les bact\u00e9ries, H.ABC\u00ae minimise le risque d\u2019\u00eatre porteur de contamination,en emp\u00eachant la croissance et la reproduction de micro-organismes,en limitant les transports entre les diff\u00e9rents d\u00e9partements. H.ABC: style impeccable, avantages incomparables. La famille des chaussures de s\u00e9curit\u00e9 Sixton Peak\u00ae H.ABC est riche en vari\u00e9t\u00e9 de mod\u00e8les et caract\u00e9ris\u00e9e par un [&hellip;]","og_url":"https:\/\/habc.it\/fr\/","og_site_name":"Chaussures Antibact\u00e9riennes H.ABC by Sixton Maspica","article_modified_time":"2022-10-04T07:04:41+00:00","twitter_card":"summary_large_image","twitter_misc":{"Dur\u00e9e de lecture estim\u00e9e":"1 minute"},"schema":{"@context":"https:\/\/schema.org","@graph":[{"@type":"WebPage","@id":"https:\/\/habc.it\/fr\/","url":"https:\/\/habc.it\/fr\/","name":"H.ABC Move into HORECA | Fran\u00e7ais - Chaussures Antibact\u00e9riennes H.ABC by Sixton Maspica","isPartOf":{"@id":"https:\/\/habc.it\/fr\/#website"},"datePublished":"2019-04-24T08:50:03+00:00","dateModified":"2022-10-04T07:04:41+00:00","breadcrumb":{"@id":"https:\/\/habc.it\/fr\/#breadcrumb"},"inLanguage":"fr-FR","potentialAction":[{"@type":"ReadAction","target":["https:\/\/habc.it\/fr\/"]}]},{"@type":"BreadcrumbList","@id":"https:\/\/habc.it\/fr\/#breadcrumb","itemListElement":[{"@type":"ListItem","position":1,"name":"Home","item":"https:\/\/habc.it\/fr\/"},{"@type":"ListItem","position":2,"name":"H.ABC Move into HORECA | Fran\u00e7ais"}]},{"@type":"WebSite","@id":"https:\/\/habc.it\/fr\/#website","url":"https:\/\/habc.it\/fr\/","name":"Chaussures Antibact\u00e9riennes H.ABC by Sixton Maspica","description":"H.ABC Move into HORECA","potentialAction":[{"@type":"SearchAction","target":{"@type":"EntryPoint","urlTemplate":"https:\/\/habc.it\/fr\/?s={search_term_string}"},"query-input":{"@type":"PropertyValueSpecification","valueRequired":true,"valueName":"search_term_string"}}],"inLanguage":"fr-FR"}]}},"_links":{"self":[{"href":"https:\/\/habc.it\/fr\/wp-json\/wp\/v2\/pages\/927","targetHints":{"allow":["GET"]}}],"collection":[{"href":"https:\/\/habc.it\/fr\/wp-json\/wp\/v2\/pages"}],"about":[{"href":"https:\/\/habc.it\/fr\/wp-json\/wp\/v2\/types\/page"}],"author":[{"embeddable":true,"href":"https:\/\/habc.it\/fr\/wp-json\/wp\/v2\/users\/1"}],"replies":[{"embeddable":true,"href":"https:\/\/habc.it\/fr\/wp-json\/wp\/v2\/comments?post=927"}],"version-history":[{"count":2,"href":"https:\/\/habc.it\/fr\/wp-json\/wp\/v2\/pages\/927\/revisions"}],"predecessor-version":[{"id":1781,"href":"https:\/\/habc.it\/fr\/wp-json\/wp\/v2\/pages\/927\/revisions\/1781"}],"wp:attachment":[{"href":"https:\/\/habc.it\/fr\/wp-json\/wp\/v2\/media?parent=927"}],"curies":[{"name":"wp","href":"https:\/\/api.w.org\/{rel}","templated":true}]}}